{"id":193,"date":"2021-11-12T12:21:43","date_gmt":"2021-11-12T11:21:43","guid":{"rendered":"https:\/\/www.allgemeinarzt-wenta-bralla.de\/?page_id=193"},"modified":"2022-02-22T15:13:29","modified_gmt":"2022-02-22T14:13:29","slug":"rezept-online-buchen","status":"publish","type":"page","link":"https:\/\/www.allgemeinarzt-wenta-bralla.de\/index.php\/rezept-online-buchen\/","title":{"rendered":"rezept online buchen"},"content":{"rendered":"<p>[et_pb_section fb_built=&#8220;1&#8243; _builder_version=&#8220;4.13.0&#8243; _module_preset=&#8220;default&#8220; background_color=&#8220;#f1f5f7&#8243; custom_padding=&#8220;61px||215px|||&#8220; global_colors_info=&#8220;{}&#8220;][et_pb_row _builder_version=&#8220;4.13.0&#8243; _module_preset=&#8220;default&#8220; global_colors_info=&#8220;{}&#8220;][et_pb_column type=&#8220;4_4&#8243; _builder_version=&#8220;4.13.0&#8243; _module_preset=&#8220;default&#8220; global_colors_info=&#8220;{}&#8220;][et_pb_text _builder_version=&#8220;4.14.7&#8243; _module_preset=&#8220;default&#8220; text_font_size=&#8220;35px&#8220; text_line_height=&#8220;1.1em&#8220; custom_margin=&#8220;||6px|||&#8220; global_colors_info=&#8220;{}&#8220;]<\/p>\n<p>Bestellen Sie Ihr Rezept online vor.<\/p>\n<p>[\/et_pb_text][et_pb_text _builder_version=&#8220;4.14.8&#8243; _module_preset=&#8220;default&#8220; text_font_size=&#8220;22px&#8220; text_line_height=&#8220;1.1em&#8220; hover_enabled=&#8220;0&#8243; global_colors_info=&#8220;{}&#8220; sticky_enabled=&#8220;0&#8243;]<\/p>\n<p>Vor 12 Uhr bestellen und am n\u00e4chsten Werktag abholen!<\/p>\n<p><strong>Nur f\u00fcr unsere Patienten !<\/strong><\/p>\n<p>[\/et_pb_text][\/et_pb_column][\/et_pb_row][et_pb_row _builder_version=&#8220;4.13.0&#8243; _module_preset=&#8220;default&#8220; custom_padding=&#8220;9px|||||&#8220; global_colors_info=&#8220;{}&#8220;][et_pb_column type=&#8220;4_4&#8243; _builder_version=&#8220;4.13.0&#8243; _module_preset=&#8220;default&#8220; global_colors_info=&#8220;{}&#8220;][et_pb_code _builder_version=&#8220;4.14.8&#8243; _module_preset=&#8220;default&#8220; background_color=&#8220;#FFFFFF&#8220; border_width_all=&#8220;19px&#8220; border_color_all=&#8220;#FFFFFF&#8220; box_shadow_style=&#8220;preset1&#8243; global_colors_info=&#8220;{}&#8220;]<div class=\"wpforms-container wpforms-container-full\" id=\"wpforms-357\"><form id=\"wpforms-form-357\" class=\"wpforms-validate wpforms-form wpforms-ajax-form\" data-formid=\"357\" method=\"post\" enctype=\"multipart\/form-data\" action=\"\/index.php\/wp-json\/wp\/v2\/pages\/193\" data-token=\"fffc8410dba373c5e832b29ec50b178e\" data-token-time=\"1777724606\"><noscript class=\"wpforms-error-noscript\">Bitte aktiviere JavaScript in deinem Browser, um dieses Formular fertigzustellen.<\/noscript><div class=\"wpforms-field-container\"><div id=\"wpforms-357-field_1-container\" class=\"wpforms-field wpforms-field-name\" data-field-id=\"1\"><label class=\"wpforms-field-label\">Name <span class=\"wpforms-required-label\">*<\/span><\/label><div class=\"wpforms-field-row wpforms-field-medium\"><div class=\"wpforms-field-row-block wpforms-first wpforms-one-half\"><input type=\"text\" id=\"wpforms-357-field_1\" class=\"wpforms-field-name-first wpforms-field-required\" name=\"wpforms[fields][1][first]\" required><label for=\"wpforms-357-field_1\" class=\"wpforms-field-sublabel after\">Vorname<\/label><\/div><div class=\"wpforms-field-row-block wpforms-one-half\"><input type=\"text\" id=\"wpforms-357-field_1-last\" class=\"wpforms-field-name-last wpforms-field-required\" name=\"wpforms[fields][1][last]\" required><label for=\"wpforms-357-field_1-last\" class=\"wpforms-field-sublabel after\">Nachname<\/label><\/div><\/div><\/div>\t\t<div id=\"wpforms-357-field_6-container\"\n\t\t\tclass=\"wpforms-field wpforms-field-text\"\n\t\t\tdata-field-type=\"text\"\n\t\t\tdata-field-id=\"6\"\n\t\t\t>\n\t\t\t<label class=\"wpforms-field-label\" for=\"wpforms-357-field_6\" > Telefonnummer Datenschutz<\/label>\n\t\t\t<input type=\"text\" id=\"wpforms-357-field_6\" class=\"wpforms-field-medium\" name=\"wpforms[fields][6]\" >\n\t\t<\/div>\n\t\t<div id=\"wpforms-357-field_3-container\" class=\"wpforms-field wpforms-field-text\" data-field-id=\"3\"><label class=\"wpforms-field-label\" for=\"wpforms-357-field_3\">Rezeptname <span class=\"wpforms-required-label\">*<\/span><\/label><input type=\"text\" id=\"wpforms-357-field_3\" class=\"wpforms-field-medium wpforms-field-required\" name=\"wpforms[fields][3]\" required><\/div><div id=\"wpforms-357-field_2-container\" class=\"wpforms-field wpforms-field-email\" data-field-id=\"2\"><label class=\"wpforms-field-label\" for=\"wpforms-357-field_2\">E-Mail <span class=\"wpforms-required-label\">*<\/span><\/label><input type=\"email\" id=\"wpforms-357-field_2\" class=\"wpforms-field-medium wpforms-field-required\" name=\"wpforms[fields][2]\" spellcheck=\"false\" required><\/div><div id=\"wpforms-357-field_5-container\" class=\"wpforms-field wpforms-field-text\" data-field-id=\"5\"><label class=\"wpforms-field-label\" for=\"wpforms-357-field_5\">Telefonnummer  <span class=\"wpforms-required-label\">*<\/span><\/label><input type=\"text\" id=\"wpforms-357-field_5\" class=\"wpforms-field-medium wpforms-field-required\" name=\"wpforms[fields][5]\" required><\/div><div id=\"wpforms-357-field_4-container\" class=\"wpforms-field wpforms-field-checkbox\" data-field-id=\"4\"><label class=\"wpforms-field-label\">Datenschutz <span class=\"wpforms-required-label\">*<\/span><\/label><ul id=\"wpforms-357-field_4\" class=\"wpforms-field-required\"><li class=\"choice-1 depth-1\"><input type=\"checkbox\" id=\"wpforms-357-field_4_1\" name=\"wpforms[fields][4][]\" value=\"Datenschutzerkl\u00e4rung akzeptieren.\" required ><label class=\"wpforms-field-label-inline\" for=\"wpforms-357-field_4_1\">Datenschutzerkl\u00e4rung akzeptieren.<\/label><\/li><\/ul><div class=\"wpforms-field-description\">Mit dem Absenden des Formulars erkl\u00e4ren Sie sich damit einverstanden, dass Ihre eingegebenen Daten zur Bearbeitung Ihres Anliegens verwendet werden. Weitere Informationen dazu und zu Ihren Rechten (Best\u00e4tigung, Auskunft, Berichtigung, L\u00f6schung, Widerspruch ...) finden Sie in unserer Datenschutzerkl\u00e4rung.<\/div><\/div><script>\n\t\t\t\t( function() {\n\t\t\t\t\tconst style = document.createElement( 'style' );\n\t\t\t\t\tstyle.appendChild( document.createTextNode( '#wpforms-357-field_6-container { position: absolute !important; overflow: hidden !important; display: inline !important; height: 1px !important; width: 1px !important; z-index: -1000 !important; padding: 0 !important; } #wpforms-357-field_6-container input { visibility: hidden; } #wpforms-conversational-form-page #wpforms-357-field_6-container label { counter-increment: none; }' ) );\n\t\t\t\t\tdocument.head.appendChild( style );\n\t\t\t\t\tdocument.currentScript?.remove();\n\t\t\t\t} )();\n\t\t\t<\/script><\/div><!-- .wpforms-field-container --><div class=\"wpforms-submit-container\" ><input type=\"hidden\" name=\"wpforms[id]\" value=\"357\"><input type=\"hidden\" name=\"page_title\" value=\"\"><input type=\"hidden\" name=\"page_url\" value=\"https:\/\/www.allgemeinarzt-wenta-bralla.de\/index.php\/wp-json\/wp\/v2\/pages\/193\"><input type=\"hidden\" name=\"url_referer\" value=\"\"><button type=\"submit\" name=\"wpforms[submit]\" id=\"wpforms-submit-357\" class=\"wpforms-submit\" data-alt-text=\"Senden\u2026\" data-submit-text=\"Absenden\" aria-live=\"assertive\" value=\"wpforms-submit\">Absenden<\/button><img loading=\"lazy\" decoding=\"async\" src=\"https:\/\/www.allgemeinarzt-wenta-bralla.de\/wp-content\/plugins\/wpforms-lite\/assets\/images\/submit-spin.svg\" class=\"wpforms-submit-spinner\" style=\"display: none;\" width=\"26\" height=\"26\" alt=\"Wird geladen\"><\/div><\/form><\/div>  <!-- .wpforms-container -->\t[\/et_pb_code][\/et_pb_column][\/et_pb_row][\/et_pb_section]<\/p>\n","protected":false},"excerpt":{"rendered":"<p>Bestellen Sie Ihr Rezept online vor.Vor 12 Uhr bestellen und am n\u00e4chsten Werktag abholen! Nur f\u00fcr unsere Patienten !<div class=\"wpforms-container wpforms-container-full\" id=\"wpforms-357\"><form id=\"wpforms-form-357\" class=\"wpforms-validate wpforms-form wpforms-ajax-form\" data-formid=\"357\" method=\"post\" enctype=\"multipart\/form-data\" action=\"\/index.php\/wp-json\/wp\/v2\/pages\/193\" data-token=\"fffc8410dba373c5e832b29ec50b178e\" data-token-time=\"1777724606\"><noscript class=\"wpforms-error-noscript\">Bitte aktiviere JavaScript in deinem Browser, um dieses Formular fertigzustellen.<\/noscript><div class=\"wpforms-field-container\"><div id=\"wpforms-357-field_1-container\" class=\"wpforms-field wpforms-field-name\" data-field-id=\"1\"><label class=\"wpforms-field-label\">Name <span class=\"wpforms-required-label\">*<\/span><\/label><div class=\"wpforms-field-row wpforms-field-medium\"><div class=\"wpforms-field-row-block wpforms-first wpforms-one-half\"><input type=\"text\" id=\"wpforms-357-field_1\" class=\"wpforms-field-name-first wpforms-field-required\" name=\"wpforms[fields][1][first]\" required><label for=\"wpforms-357-field_1\" class=\"wpforms-field-sublabel after\">Vorname<\/label><\/div><div class=\"wpforms-field-row-block wpforms-one-half\"><input type=\"text\" id=\"wpforms-357-field_1-last\" class=\"wpforms-field-name-last wpforms-field-required\" name=\"wpforms[fields][1][last]\" required><label for=\"wpforms-357-field_1-last\" class=\"wpforms-field-sublabel after\">Nachname<\/label><\/div><\/div><\/div><div id=\"wpforms-357-field_3-container\" class=\"wpforms-field wpforms-field-text\" data-field-id=\"3\"><label class=\"wpforms-field-label\" for=\"wpforms-357-field_3\">Rezeptname <span class=\"wpforms-required-label\">*<\/span><\/label><input type=\"text\" id=\"wpforms-357-field_3\" class=\"wpforms-field-medium wpforms-field-required\" name=\"wpforms[fields][3]\" required><\/div><div id=\"wpforms-357-field_2-container\" class=\"wpforms-field wpforms-field-email\" data-field-id=\"2\"><label class=\"wpforms-field-label\" for=\"wpforms-357-field_2\">E-Mail <span class=\"wpforms-required-label\">*<\/span><\/label><input type=\"email\" id=\"wpforms-357-field_2\" class=\"wpforms-field-medium wpforms-field-required\" name=\"wpforms[fields][2]\" spellcheck=\"false\" required><\/div>\t\t<div id=\"wpforms-357-field_6-container\"\n\t\t\tclass=\"wpforms-field wpforms-field-text\"\n\t\t\tdata-field-type=\"text\"\n\t\t\tdata-field-id=\"6\"\n\t\t\t>\n\t\t\t<label class=\"wpforms-field-label\" for=\"wpforms-357-field_6\" >Rezeptname Telefonnummer Datenschutz<\/label>\n\t\t\t<input type=\"text\" id=\"wpforms-357-field_6\" class=\"wpforms-field-medium\" name=\"wpforms[fields][6]\" >\n\t\t<\/div>\n\t\t<div id=\"wpforms-357-field_5-container\" class=\"wpforms-field wpforms-field-text\" data-field-id=\"5\"><label class=\"wpforms-field-label\" for=\"wpforms-357-field_5\">Telefonnummer  <span class=\"wpforms-required-label\">*<\/span><\/label><input type=\"text\" id=\"wpforms-357-field_5\" class=\"wpforms-field-medium wpforms-field-required\" name=\"wpforms[fields][5]\" required><\/div><div id=\"wpforms-357-field_4-container\" class=\"wpforms-field wpforms-field-checkbox\" data-field-id=\"4\"><label class=\"wpforms-field-label\">Datenschutz <span class=\"wpforms-required-label\">*<\/span><\/label><ul id=\"wpforms-357-field_4\" class=\"wpforms-field-required\"><li class=\"choice-1 depth-1\"><input type=\"checkbox\" id=\"wpforms-357-field_4_1\" name=\"wpforms[fields][4][]\" value=\"Datenschutzerkl\u00e4rung akzeptieren.\" required ><label class=\"wpforms-field-label-inline\" for=\"wpforms-357-field_4_1\">Datenschutzerkl\u00e4rung akzeptieren.<\/label><\/li><\/ul><div class=\"wpforms-field-description\">Mit dem Absenden des Formulars erkl\u00e4ren Sie sich damit einverstanden, dass Ihre eingegebenen Daten zur Bearbeitung Ihres Anliegens verwendet werden. Weitere Informationen dazu und zu Ihren Rechten (Best\u00e4tigung, Auskunft, Berichtigung, L\u00f6schung, Widerspruch ...) finden Sie in unserer Datenschutzerkl\u00e4rung.<\/div><\/div><script>\n\t\t\t\t( function() {\n\t\t\t\t\tconst style = document.createElement( 'style' );\n\t\t\t\t\tstyle.appendChild( document.createTextNode( '#wpforms-357-field_6-container { position: absolute !important; overflow: hidden !important; display: inline !important; height: 1px !important; width: 1px !important; z-index: -1000 !important; padding: 0 !important; } #wpforms-357-field_6-container input { visibility: hidden; } #wpforms-conversational-form-page #wpforms-357-field_6-container label { counter-increment: none; }' ) );\n\t\t\t\t\tdocument.head.appendChild( style );\n\t\t\t\t\tdocument.currentScript?.remove();\n\t\t\t\t} )();\n\t\t\t<\/script><\/div><!-- .wpforms-field-container --><div class=\"wpforms-submit-container\" ><input type=\"hidden\" name=\"wpforms[id]\" value=\"357\"><input type=\"hidden\" name=\"page_title\" value=\"\"><input type=\"hidden\" name=\"page_url\" value=\"https:\/\/www.allgemeinarzt-wenta-bralla.de\/index.php\/wp-json\/wp\/v2\/pages\/193\"><input type=\"hidden\" name=\"url_referer\" value=\"\"><button type=\"submit\" name=\"wpforms[submit]\" id=\"wpforms-submit-357\" class=\"wpforms-submit\" data-alt-text=\"Senden\u2026\" data-submit-text=\"Absenden\" aria-live=\"assertive\" value=\"wpforms-submit\">Absenden<\/button><img loading=\"lazy\" decoding=\"async\" src=\"https:\/\/www.allgemeinarzt-wenta-bralla.de\/wp-content\/plugins\/wpforms-lite\/assets\/images\/submit-spin.svg\" class=\"wpforms-submit-spinner\" style=\"display: none;\" width=\"26\" height=\"26\" alt=\"Wird geladen\"><\/div><\/form><\/div>  <!-- .wpforms-container --><\/p>\n","protected":false},"author":1,"featured_media":0,"parent":0,"menu_order":0,"comment_status":"closed","ping_status":"closed","template":"","meta":{"_et_pb_use_builder":"on","_et_pb_old_content":"","_et_gb_content_width":"","inline_featured_image":false,"footnotes":""},"class_list":["post-193","page","type-page","status-publish","hentry"],"_links":{"self":[{"href":"https:\/\/www.allgemeinarzt-wenta-bralla.de\/index.php\/wp-json\/wp\/v2\/pages\/193","targetHints":{"allow":["GET"]}}],"collection":[{"href":"https:\/\/www.allgemeinarzt-wenta-bralla.de\/index.php\/wp-json\/wp\/v2\/pages"}],"about":[{"href":"https:\/\/www.allgemeinarzt-wenta-bralla.de\/index.php\/wp-json\/wp\/v2\/types\/page"}],"author":[{"embeddable":true,"href":"https:\/\/www.allgemeinarzt-wenta-bralla.de\/index.php\/wp-json\/wp\/v2\/users\/1"}],"replies":[{"embeddable":true,"href":"https:\/\/www.allgemeinarzt-wenta-bralla.de\/index.php\/wp-json\/wp\/v2\/comments?post=193"}],"version-history":[{"count":14,"href":"https:\/\/www.allgemeinarzt-wenta-bralla.de\/index.php\/wp-json\/wp\/v2\/pages\/193\/revisions"}],"predecessor-version":[{"id":362,"href":"https:\/\/www.allgemeinarzt-wenta-bralla.de\/index.php\/wp-json\/wp\/v2\/pages\/193\/revisions\/362"}],"wp:attachment":[{"href":"https:\/\/www.allgemeinarzt-wenta-bralla.de\/index.php\/wp-json\/wp\/v2\/media?parent=193"}],"curies":[{"name":"wp","href":"https:\/\/api.w.org\/{rel}","templated":true}]}}